{"id":2665,"date":"2021-04-07T08:42:04","date_gmt":"2021-04-07T06:42:04","guid":{"rendered":"https:\/\/institutfrancais.nl\/langue-francaise\/"},"modified":"2024-06-26T14:35:46","modified_gmt":"2024-06-26T12:35:46","slug":"franse-taal","status":"publish","type":"page","link":"https:\/\/institutfrancais.nl\/nl\/franse-taal\/","title":{"rendered":"Franse taal"},"content":{"rendered":"\n<div class=\"wp-block-group alignfull is-style-if-group-padding is-style-if--group-buttons-cta has-if-blue-color has-text-color has-link-color wp-elements-a4ad657dc2192b6d7a14c79a80475412\"><div class=\"wp-block-group__inner-container is-layout-flow wp-block-group-is-layout-flow\">\n<div class=\"wp-block-buttons alignwide is-layout-flex wp-block-buttons-is-layout-flex\">\n<div class=\"wp-block-button has-custom-width wp-block-button__width-50\"><a class=\"wp-block-button__link has-if-blue-background-color has-background wp-element-button\" href=\"https:\/\/institutfrancais.nl\/nl\/cursussen-frans\/\">Cursussen Frans<\/a><\/div>\n\n\n\n<div class=\"wp-block-button has-custom-width wp-block-button__width-50 is-style-fill\"><a class=\"wp-block-button__link has-if-blue-background-color has-background wp-element-button\" href=\"https:\/\/institutfrancais.nl\/nl\/tag\/workshops-frans\/\">Workshops Frans<\/a><\/div>\n\n\n\n<div class=\"wp-block-button has-custom-width wp-block-button__width-50 is-style-fill\"><a class=\"wp-block-button__link has-if-blue-background-color has-background wp-element-button\" href=\"https:\/\/institutfrancais.nl\/nl\/diplomas-frans\/\">Diploma&#8217;s en examens<\/a><\/div>\n\n\n\n<div class=\"wp-block-button has-custom-width wp-block-button__width-50 is-style-fill\"><a class=\"wp-block-button__link has-if-blue-background-color has-background wp-element-button\" href=\"https:\/\/institutfrancais.nl\/nl\/educatief-aanbod\/\">Educatief aanbod<\/a><\/div>\n\n\n\n<div class=\"wp-block-button has-custom-width wp-block-button__width-50 is-style-fill\"><a class=\"wp-block-button__link has-if-blue-background-color has-background wp-element-button\" href=\"https:\/\/institutfrancais.nl\/nl\/nieuwsbrief-frans\/\">Nieuwsbrief \u00c9ducation<\/a><\/div>\n<\/div>\n<\/div><\/div>\n\n\n\n<p><\/p>\n","protected":false},"excerpt":{"rendered":"<p>De afdeling Franse Taal biedt op het Institut fran\u00e7ais NL in Groningen cursussen Frans als vreemde taal (gericht op een breed publiek), workshops Frans en certificeringscursussen aan. Voor docenten Frans worden er professionele trainingen georganiseerd, en lespakketten en communicatiemiddelen beschikbaar gesteld. Ook co\u00f6rdineert de afdeling het programma \u201cJe parle aussi fran\u00e7ais!\/ Ik spreek ook Frans!\u201d en publiceert zij elke maand een nieuwsbrief over actuele gebeurtenissen in het onderwijs en de Franse taal in Nederland.<\/p>\n","protected":false},"author":4,"featured_media":0,"parent":0,"menu_order":0,"comment_status":"closed","ping_status":"closed","template":"","meta":{"footnotes":""},"class_list":["post-2665","page","type-page","status-publish","hentry","entry"],"yoast_head":"<!-- This site is optimized with the Yoast SEO plugin v27.6 - https:\/\/yoast.com\/product\/yoast-seo-wordpress\/ -->\n<title>Franse taal - Institut fran\u00e7ais NL<\/title>\n<meta name=\"description\" content=\"Ontdek onze cursussen, workshops en diploma&#039;s Frans voor leerlingen Frans en onze pedagogische dossiers voor leraren Frans.\" \/>\n<meta name=\"robots\" content=\"index, follow, max-snippet:-1, max-image-preview:large, max-video-preview:-1\" \/>\n<link rel=\"canonical\" href=\"https:\/\/institutfrancais.nl\/nl\/franse-taal\/\" \/>\n<meta property=\"og:locale\" content=\"nl_NL\" \/>\n<meta property=\"og:type\" content=\"article\" \/>\n<meta property=\"og:title\" content=\"Hoe ver wilt u gaan met de Franse taal - Institut fran\u00e7ais des Pays-Bas\" \/>\n<meta property=\"og:description\" content=\"Ontdek onze cursussen, workshops en diploma&#039;s Frans voor leerlingen Frans en onze pedagogische dossiers voor leraren Frans.\" \/>\n<meta property=\"og:url\" content=\"https:\/\/institutfrancais.nl\/nl\/franse-taal\/\" \/>\n<meta property=\"og:site_name\" content=\"Institut fran\u00e7ais NL\" \/>\n<meta property=\"article:publisher\" content=\"https:\/\/www.facebook.com\/InstitutfrancaisNederland\/\" \/>\n<meta property=\"article:modified_time\" content=\"2024-06-26T12:35:46+00:00\" \/>\n<meta property=\"og:image\" content=\"https:\/\/institutfrancais.nl\/wp-content\/uploads\/2021\/12\/Jusquou\u0300-irez-vous-avec-la-langue-franc\u0327aise-.png\" \/>\n\t<meta property=\"og:image:width\" content=\"1920\" \/>\n\t<meta property=\"og:image:height\" content=\"1080\" \/>\n\t<meta property=\"og:image:type\" content=\"image\/png\" \/>\n<meta name=\"twitter:card\" content=\"summary_large_image\" \/>\n<meta name=\"twitter:site\" content=\"@ifnl_nl\" \/>\n<meta name=\"twitter:label1\" content=\"Geschatte leestijd\" \/>\n\t<meta name=\"twitter:data1\" content=\"1 minuut\" \/>\n<script type=\"application\/ld+json\" class=\"yoast-schema-graph\">{\"@context\":\"https:\\\/\\\/schema.org\",\"@graph\":[{\"@type\":\"WebPage\",\"@id\":\"https:\\\/\\\/institutfrancais.nl\\\/nl\\\/franse-taal\\\/\",\"url\":\"https:\\\/\\\/institutfrancais.nl\\\/nl\\\/franse-taal\\\/\",\"name\":\"Franse taal - Institut fran\u00e7ais NL\",\"isPartOf\":{\"@id\":\"https:\\\/\\\/institutfrancais.nl\\\/nl\\\/#website\"},\"datePublished\":\"2021-04-07T06:42:04+00:00\",\"dateModified\":\"2024-06-26T12:35:46+00:00\",\"description\":\"Ontdek onze cursussen, workshops en diploma's Frans voor leerlingen Frans en onze pedagogische dossiers voor leraren Frans.\",\"breadcrumb\":{\"@id\":\"https:\\\/\\\/institutfrancais.nl\\\/nl\\\/franse-taal\\\/#breadcrumb\"},\"inLanguage\":\"nl-NL\",\"potentialAction\":[{\"@type\":\"ReadAction\",\"target\":[\"https:\\\/\\\/institutfrancais.nl\\\/nl\\\/franse-taal\\\/\"]}]},{\"@type\":\"BreadcrumbList\",\"@id\":\"https:\\\/\\\/institutfrancais.nl\\\/nl\\\/franse-taal\\\/#breadcrumb\",\"itemListElement\":[{\"@type\":\"ListItem\",\"position\":1,\"name\":\"Home\",\"item\":\"https:\\\/\\\/institutfrancais.nl\\\/nl\\\/\"},{\"@type\":\"ListItem\",\"position\":2,\"name\":\"Franse taal\"}]},{\"@type\":\"WebSite\",\"@id\":\"https:\\\/\\\/institutfrancais.nl\\\/nl\\\/#website\",\"url\":\"https:\\\/\\\/institutfrancais.nl\\\/nl\\\/\",\"name\":\"Institut fran\u00e7ais NL\",\"description\":\"coop\u00e9ration culturelle franco-n\u00e9erlandais\",\"publisher\":{\"@id\":\"https:\\\/\\\/institutfrancais.nl\\\/nl\\\/#organization\"},\"potentialAction\":[{\"@type\":\"SearchAction\",\"target\":{\"@type\":\"EntryPoint\",\"urlTemplate\":\"https:\\\/\\\/institutfrancais.nl\\\/nl\\\/?s={search_term_string}\"},\"query-input\":{\"@type\":\"PropertyValueSpecification\",\"valueRequired\":true,\"valueName\":\"search_term_string\"}}],\"inLanguage\":\"nl-NL\"},{\"@type\":\"Organization\",\"@id\":\"https:\\\/\\\/institutfrancais.nl\\\/nl\\\/#organization\",\"name\":\"Institut fran\u00e7ais NL\",\"url\":\"https:\\\/\\\/institutfrancais.nl\\\/nl\\\/\",\"logo\":{\"@type\":\"ImageObject\",\"inLanguage\":\"nl-NL\",\"@id\":\"https:\\\/\\\/institutfrancais.nl\\\/nl\\\/#\\\/schema\\\/logo\\\/image\\\/\",\"url\":\"https:\\\/\\\/institutfrancais.nl\\\/wp-content\\\/uploads\\\/2022\\\/05\\\/IFNL-Logo-BlackColourRGB_400x172.png\",\"contentUrl\":\"https:\\\/\\\/institutfrancais.nl\\\/wp-content\\\/uploads\\\/2022\\\/05\\\/IFNL-Logo-BlackColourRGB_400x172.png\",\"width\":400,\"height\":172,\"caption\":\"Institut fran\u00e7ais NL\"},\"image\":{\"@id\":\"https:\\\/\\\/institutfrancais.nl\\\/nl\\\/#\\\/schema\\\/logo\\\/image\\\/\"},\"sameAs\":[\"https:\\\/\\\/www.facebook.com\\\/InstitutfrancaisNederland\\\/\",\"https:\\\/\\\/x.com\\\/ifnl_nl\",\"https:\\\/\\\/www.instagram.com\\\/institutfrancaisnl\\\/\",\"https:\\\/\\\/www.linkedin.com\\\/company\\\/ifpaysbas\\\/\"]}]}<\/script>\n<!-- \/ Yoast SEO plugin. -->","yoast_head_json":{"title":"Franse taal - Institut fran\u00e7ais NL","description":"Ontdek onze cursussen, workshops en diploma's Frans voor leerlingen Frans en onze pedagogische dossiers voor leraren Frans.","robots":{"index":"index","follow":"follow","max-snippet":"max-snippet:-1","max-image-preview":"max-image-preview:large","max-video-preview":"max-video-preview:-1"},"canonical":"https:\/\/institutfrancais.nl\/nl\/franse-taal\/","og_locale":"nl_NL","og_type":"article","og_title":"Hoe ver wilt u gaan met de Franse taal - Institut fran\u00e7ais des Pays-Bas","og_description":"Ontdek onze cursussen, workshops en diploma's Frans voor leerlingen Frans en onze pedagogische dossiers voor leraren Frans.","og_url":"https:\/\/institutfrancais.nl\/nl\/franse-taal\/","og_site_name":"Institut fran\u00e7ais NL","article_publisher":"https:\/\/www.facebook.com\/InstitutfrancaisNederland\/","article_modified_time":"2024-06-26T12:35:46+00:00","og_image":[{"width":1920,"height":1080,"url":"https:\/\/institutfrancais.nl\/wp-content\/uploads\/2021\/12\/Jusquou\u0300-irez-vous-avec-la-langue-franc\u0327aise-.png","type":"image\/png"}],"twitter_card":"summary_large_image","twitter_site":"@ifnl_nl","twitter_misc":{"Geschatte leestijd":"1 minuut"},"schema":{"@context":"https:\/\/schema.org","@graph":[{"@type":"WebPage","@id":"https:\/\/institutfrancais.nl\/nl\/franse-taal\/","url":"https:\/\/institutfrancais.nl\/nl\/franse-taal\/","name":"Franse taal - Institut fran\u00e7ais NL","isPartOf":{"@id":"https:\/\/institutfrancais.nl\/nl\/#website"},"datePublished":"2021-04-07T06:42:04+00:00","dateModified":"2024-06-26T12:35:46+00:00","description":"Ontdek onze cursussen, workshops en diploma's Frans voor leerlingen Frans en onze pedagogische dossiers voor leraren Frans.","breadcrumb":{"@id":"https:\/\/institutfrancais.nl\/nl\/franse-taal\/#breadcrumb"},"inLanguage":"nl-NL","potentialAction":[{"@type":"ReadAction","target":["https:\/\/institutfrancais.nl\/nl\/franse-taal\/"]}]},{"@type":"BreadcrumbList","@id":"https:\/\/institutfrancais.nl\/nl\/franse-taal\/#breadcrumb","itemListElement":[{"@type":"ListItem","position":1,"name":"Home","item":"https:\/\/institutfrancais.nl\/nl\/"},{"@type":"ListItem","position":2,"name":"Franse taal"}]},{"@type":"WebSite","@id":"https:\/\/institutfrancais.nl\/nl\/#website","url":"https:\/\/institutfrancais.nl\/nl\/","name":"Institut fran\u00e7ais NL","description":"coop\u00e9ration culturelle franco-n\u00e9erlandais","publisher":{"@id":"https:\/\/institutfrancais.nl\/nl\/#organization"},"potentialAction":[{"@type":"SearchAction","target":{"@type":"EntryPoint","urlTemplate":"https:\/\/institutfrancais.nl\/nl\/?s={search_term_string}"},"query-input":{"@type":"PropertyValueSpecification","valueRequired":true,"valueName":"search_term_string"}}],"inLanguage":"nl-NL"},{"@type":"Organization","@id":"https:\/\/institutfrancais.nl\/nl\/#organization","name":"Institut fran\u00e7ais NL","url":"https:\/\/institutfrancais.nl\/nl\/","logo":{"@type":"ImageObject","inLanguage":"nl-NL","@id":"https:\/\/institutfrancais.nl\/nl\/#\/schema\/logo\/image\/","url":"https:\/\/institutfrancais.nl\/wp-content\/uploads\/2022\/05\/IFNL-Logo-BlackColourRGB_400x172.png","contentUrl":"https:\/\/institutfrancais.nl\/wp-content\/uploads\/2022\/05\/IFNL-Logo-BlackColourRGB_400x172.png","width":400,"height":172,"caption":"Institut fran\u00e7ais NL"},"image":{"@id":"https:\/\/institutfrancais.nl\/nl\/#\/schema\/logo\/image\/"},"sameAs":["https:\/\/www.facebook.com\/InstitutfrancaisNederland\/","https:\/\/x.com\/ifnl_nl","https:\/\/www.instagram.com\/institutfrancaisnl\/","https:\/\/www.linkedin.com\/company\/ifpaysbas\/"]}]}},"jetpack_sharing_enabled":true,"_links":{"self":[{"href":"https:\/\/institutfrancais.nl\/nl\/wp-json\/wp\/v2\/pages\/2665","targetHints":{"allow":["GET"]}}],"collection":[{"href":"https:\/\/institutfrancais.nl\/nl\/wp-json\/wp\/v2\/pages"}],"about":[{"href":"https:\/\/institutfrancais.nl\/nl\/wp-json\/wp\/v2\/types\/page"}],"author":[{"embeddable":true,"href":"https:\/\/institutfrancais.nl\/nl\/wp-json\/wp\/v2\/users\/4"}],"replies":[{"embeddable":true,"href":"https:\/\/institutfrancais.nl\/nl\/wp-json\/wp\/v2\/comments?post=2665"}],"version-history":[{"count":4,"href":"https:\/\/institutfrancais.nl\/nl\/wp-json\/wp\/v2\/pages\/2665\/revisions"}],"predecessor-version":[{"id":34641,"href":"https:\/\/institutfrancais.nl\/nl\/wp-json\/wp\/v2\/pages\/2665\/revisions\/34641"}],"wp:attachment":[{"href":"https:\/\/institutfrancais.nl\/nl\/wp-json\/wp\/v2\/media?parent=2665"}],"curies":[{"name":"wp","href":"https:\/\/api.w.org\/{rel}","templated":true}]}}