{"id":35402,"date":"2024-05-31T12:14:38","date_gmt":"2024-05-31T10:14:38","guid":{"rendered":"https:\/\/institutfrancais.nl\/programmes-de-mobilite\/"},"modified":"2026-02-12T10:04:59","modified_gmt":"2026-02-12T09:04:59","slug":"mobiliteitsprogrammas","status":"publish","type":"page","link":"https:\/\/institutfrancais.nl\/nl\/mobiliteitsprogrammas\/","title":{"rendered":"Mobiliteitsprogramma&#8217;s"},"content":{"rendered":"\n<div class=\"wp-block-group alignfull is-style-default\"><div class=\"wp-block-group__inner-container is-layout-constrained wp-block-group-is-layout-constrained\">\n<div class=\"wp-block-columns alignwide is-style-default is-layout-flex wp-container-core-columns-is-layout-9d6595d7 wp-block-columns-is-layout-flex\">\n<div class=\"wp-block-column is-style-if-remove-link-styling is-layout-flow wp-block-column-is-layout-flow\">\n<figure class=\"wp-block-image size-large\"><a href=\"https:\/\/institutfrancais.nl\/nl\/villa-van-eyck\/\"><img loading=\"lazy\" decoding=\"async\" width=\"2560\" height=\"1441\" src=\"https:\/\/institutfrancais.nl\/wp-content\/uploads\/2024\/05\/Untitled-design-15-edited-scaled.jpeg\" alt=\"\" class=\"wp-image-35086\" srcset=\"https:\/\/institutfrancais.nl\/wp-content\/uploads\/2024\/05\/Untitled-design-15-edited-scaled.jpeg 2560w, https:\/\/institutfrancais.nl\/wp-content\/uploads\/2024\/05\/Untitled-design-15-edited-300x169.jpeg 300w, https:\/\/institutfrancais.nl\/wp-content\/uploads\/2024\/05\/Untitled-design-15-edited-1024x576.jpeg 1024w, https:\/\/institutfrancais.nl\/wp-content\/uploads\/2024\/05\/Untitled-design-15-edited-768x432.jpeg 768w, https:\/\/institutfrancais.nl\/wp-content\/uploads\/2024\/05\/Untitled-design-15-edited-1536x865.jpeg 1536w, https:\/\/institutfrancais.nl\/wp-content\/uploads\/2024\/05\/Untitled-design-15-edited-2048x1153.jpeg 2048w, https:\/\/institutfrancais.nl\/wp-content\/uploads\/2024\/05\/Untitled-design-15-edited-1568x883.jpeg 1568w\" sizes=\"auto, (max-width: 2560px) 100vw, 2560px\" \/><\/a><\/figure>\n\n\n\n<h4 class=\"wp-block-heading\" style=\"text-decoration:none\"><a href=\"https:\/\/institutfrancais.nl\/nl\/villa-van-eyck\/\">Villa van Eyck<\/a>\u202f<\/h4>\n\n\n\n<p><a href=\"https:\/\/institutfrancais.nl\/nl\/villa-van-eyck\/\">De Villa van Eyck is een artist-in-residence programma, geco\u00f6rdineerd door Institut fran\u00e7ais NL, dat jaarlijks een kunstenaar uit de Franse overzeese gebieden voor zes maanden verwelkomt in Nederland aan de Jan van Eyck Academie in Maastricht.<\/a><\/p>\n\n\n\n<p><\/p>\n<\/div>\n\n\n\n<div class=\"wp-block-column is-style-if-remove-link-styling is-layout-flow wp-block-column-is-layout-flow\">\n<figure class=\"wp-block-image size-large\"><a href=\"https:\/\/institutfrancais.nl\/nl\/tag\/nouveau-grand-tour-nl\/\"><img loading=\"lazy\" decoding=\"async\" width=\"1024\" height=\"576\" src=\"https:\/\/institutfrancais.nl\/wp-content\/uploads\/2026\/02\/Untitled-Youtube-Banner-2-1-1024x576.png\" alt=\"\" class=\"wp-image-46245\" srcset=\"https:\/\/institutfrancais.nl\/wp-content\/uploads\/2026\/02\/Untitled-Youtube-Banner-2-1-1024x576.png 1024w, https:\/\/institutfrancais.nl\/wp-content\/uploads\/2026\/02\/Untitled-Youtube-Banner-2-1-300x169.png 300w, https:\/\/institutfrancais.nl\/wp-content\/uploads\/2026\/02\/Untitled-Youtube-Banner-2-1-768x432.png 768w, https:\/\/institutfrancais.nl\/wp-content\/uploads\/2026\/02\/Untitled-Youtube-Banner-2-1-1536x864.png 1536w, https:\/\/institutfrancais.nl\/wp-content\/uploads\/2026\/02\/Untitled-Youtube-Banner-2-1-2048x1152.png 2048w, https:\/\/institutfrancais.nl\/wp-content\/uploads\/2026\/02\/Untitled-Youtube-Banner-2-1-1568x882.png 1568w\" sizes=\"auto, (max-width: 1024px) 100vw, 1024px\" \/><\/a><\/figure>\n\n\n\n<h4 class=\"wp-block-heading\"><a href=\"https:\/\/institutfrancais.nl\/nl\/tag\/nouveau-grand-tour-nl\/\">Nouveau Grand Tour NL <\/a><\/h4>\n\n\n\n<p><a href=\"https:\/\/institutfrancais.nl\/nl\/tag\/nouveau-grand-tour-nl\/\">Het Nouveau Grand Tour NL-programma is een residentieprogramma van het Institut fran\u00e7ais NL dat gericht is op innovatie en onderzoek. Het Institut fran\u00e7ais NL verwelkomt jaarlijks een tiental Franse kunstenaars die recent hun diploma hebben gehaald aan een kunst- en designschool in Frankrijk. Zij krijgen de kans om te verblijven in een van de Nederlandse residenties die meedoen aan het programma.<\/a><\/p>\n\n\n\n<div style=\"height:35px\" aria-hidden=\"true\" class=\"wp-block-spacer\"><\/div>\n<\/div>\n\n\n\n<div class=\"wp-block-column is-style-if-remove-link-styling is-layout-flow wp-block-column-is-layout-flow\">\n<figure class=\"wp-block-image size-large\"><a href=\"https:\/\/institutfrancais.nl\/nl\/tag\/detours-nl\/\"><img loading=\"lazy\" decoding=\"async\" width=\"1024\" height=\"576\" src=\"https:\/\/institutfrancais.nl\/wp-content\/uploads\/2024\/02\/Giuliano-Da-Empoli-2-1024x576.png\" alt=\"\" class=\"wp-image-33933\" srcset=\"https:\/\/institutfrancais.nl\/wp-content\/uploads\/2024\/02\/Giuliano-Da-Empoli-2-1024x576.png 1024w, https:\/\/institutfrancais.nl\/wp-content\/uploads\/2024\/02\/Giuliano-Da-Empoli-2-300x169.png 300w, https:\/\/institutfrancais.nl\/wp-content\/uploads\/2024\/02\/Giuliano-Da-Empoli-2-768x432.png 768w, https:\/\/institutfrancais.nl\/wp-content\/uploads\/2024\/02\/Giuliano-Da-Empoli-2-1536x864.png 1536w, https:\/\/institutfrancais.nl\/wp-content\/uploads\/2024\/02\/Giuliano-Da-Empoli-2-1568x882.png 1568w, https:\/\/institutfrancais.nl\/wp-content\/uploads\/2024\/02\/Giuliano-Da-Empoli-2.png 1920w\" sizes=\"auto, (max-width: 1024px) 100vw, 1024px\" \/><\/a><\/figure>\n\n\n\n<h4 class=\"wp-block-heading\"><a href=\"https:\/\/institutfrancais.nl\/nl\/tag\/detours-nl\/\">D\u00e9tour(<\/a><a href=\"https:\/\/institutfrancais.nl\/nl\/tag\/detours-nl\/\">s)<\/a><\/h4>\n\n\n\n<p><a href=\"https:\/\/institutfrancais.nl\/nl\/tag\/detours-nl\/\">Het Institut fran\u00e7ais NL co\u00f6rdineert de auteursreizen&nbsp;<em>D\u00e9tour(s<\/em>) in Nederland en nodigt Franstalige schrijvers uit die met steun van het programma Nouvelles Voix naar het Nederlands zijn vertaald.&nbsp;<\/a><\/p>\n\n\n\n<p><\/p>\n<\/div>\n<\/div>\n<\/div><\/div>\n\n\n\n<div class=\"wp-block-columns alignwide is-layout-flex wp-container-core-columns-is-layout-9d6595d7 wp-block-columns-is-layout-flex\">\n<div class=\"wp-block-column is-style-if-remove-link-styling is-layout-flow wp-block-column-is-layout-flow\">\n<figure class=\"wp-block-image size-large\"><a href=\"https:\/\/institutfrancais.nl\/nl\/tag\/french-xr-in-benelux\/\"><img loading=\"lazy\" decoding=\"async\" width=\"1024\" height=\"576\" src=\"https:\/\/institutfrancais.nl\/wp-content\/uploads\/2025\/12\/PICC-Site-internet-2-1024x576.png\" alt=\"\" class=\"wp-image-45699\" srcset=\"https:\/\/institutfrancais.nl\/wp-content\/uploads\/2025\/12\/PICC-Site-internet-2-1024x576.png 1024w, https:\/\/institutfrancais.nl\/wp-content\/uploads\/2025\/12\/PICC-Site-internet-2-300x169.png 300w, https:\/\/institutfrancais.nl\/wp-content\/uploads\/2025\/12\/PICC-Site-internet-2-768x432.png 768w, https:\/\/institutfrancais.nl\/wp-content\/uploads\/2025\/12\/PICC-Site-internet-2-1536x864.png 1536w, https:\/\/institutfrancais.nl\/wp-content\/uploads\/2025\/12\/PICC-Site-internet-2-1568x882.png 1568w, https:\/\/institutfrancais.nl\/wp-content\/uploads\/2025\/12\/PICC-Site-internet-2.png 1920w\" sizes=\"auto, (max-width: 1024px) 100vw, 1024px\" \/><\/a><\/figure>\n\n\n\n<h4 class=\"wp-block-heading\"><a href=\"https:\/\/institutfrancais.nl\/nl\/tag\/french-xr-in-benelux\/\">French XR in Benelux<\/a><\/h4>\n\n\n\n<p><a href=\"https:\/\/institutfrancais.nl\/nl\/tag\/french-xr-in-benelux\/\">French XR in Benelux is een&nbsp;programma ter promotie van Franse kwaliteit op het gebied van XR, dat wordt gesteund door het Institut fran\u00e7ais NL, de Franse ambassade in Belgi\u00eb en het Institut fran\u00e7ais Luxembourg.&nbsp;&nbsp;<\/a><\/p>\n<\/div>\n\n\n\n<div class=\"wp-block-column is-style-if-remove-link-styling is-layout-flow wp-block-column-is-layout-flow\">\n<h4 class=\"wp-block-heading\"><\/h4>\n\n\n\n<div style=\"height:52px\" aria-hidden=\"true\" class=\"wp-block-spacer\"><\/div>\n\n\n\n<p><\/p>\n<\/div>\n\n\n\n<div class=\"wp-block-column is-style-if-remove-link-styling is-layout-flow wp-block-column-is-layout-flow\">\n<h4 class=\"wp-block-heading\"><\/h4>\n\n\n\n<div style=\"height:52px\" aria-hidden=\"true\" class=\"wp-block-spacer\"><\/div>\n\n\n\n<p><\/p>\n<\/div>\n<\/div>\n\n\n\n<div style=\"height:100px\" aria-hidden=\"true\" class=\"wp-block-spacer\"><\/div>\n","protected":false},"excerpt":{"rendered":"<p>Villa van Eyck\u202f De Villa van Eyck is een artist-in-residence programma, geco\u00f6rdineerd door Institut fran\u00e7ais NL, dat jaarlijks een kunstenaar&hellip; <a class=\"more-link\" href=\"https:\/\/institutfrancais.nl\/nl\/mobiliteitsprogrammas\/\">Lees verder <span class=\"screen-reader-text\">Mobiliteitsprogramma&#8217;s<\/span><\/a><\/p>\n","protected":false},"author":3,"featured_media":0,"parent":0,"menu_order":0,"comment_status":"closed","ping_status":"closed","template":"page-blue.php","meta":{"footnotes":""},"class_list":["post-35402","page","type-page","status-publish","hentry","entry"],"yoast_head":"<!-- This site is optimized with the Yoast SEO plugin v27.4 - https:\/\/yoast.com\/product\/yoast-seo-wordpress\/ -->\n<title>Mobiliteitsprogramma&#039;s - Institut fran\u00e7ais NL<\/title>\n<meta name=\"robots\" content=\"index, follow, max-snippet:-1, max-image-preview:large, max-video-preview:-1\" \/>\n<link rel=\"canonical\" href=\"https:\/\/institutfrancais.nl\/nl\/mobiliteitsprogrammas\/\" \/>\n<meta property=\"og:locale\" content=\"nl_NL\" \/>\n<meta property=\"og:type\" content=\"article\" \/>\n<meta property=\"og:title\" content=\"Mobiliteitsprogramma&#039;s - Institut fran\u00e7ais NL\" \/>\n<meta property=\"og:description\" content=\"Villa van Eyck\u202f De Villa van Eyck is een artist-in-residence programma, geco\u00f6rdineerd door Institut fran\u00e7ais NL, dat jaarlijks een kunstenaar&hellip; Lees verder Mobiliteitsprogramma&#8217;s\" \/>\n<meta property=\"og:url\" content=\"https:\/\/institutfrancais.nl\/nl\/mobiliteitsprogrammas\/\" \/>\n<meta property=\"og:site_name\" content=\"Institut fran\u00e7ais NL\" \/>\n<meta property=\"article:publisher\" content=\"https:\/\/www.facebook.com\/InstitutfrancaisNederland\/\" \/>\n<meta property=\"article:modified_time\" content=\"2026-02-12T09:04:59+00:00\" \/>\n<meta property=\"og:image\" content=\"https:\/\/institutfrancais.nl\/wp-content\/uploads\/2024\/05\/Untitled-design-15-edited-scaled.jpeg\" \/>\n\t<meta property=\"og:image:width\" content=\"2560\" \/>\n\t<meta property=\"og:image:height\" content=\"1441\" \/>\n\t<meta property=\"og:image:type\" content=\"image\/jpeg\" \/>\n<meta name=\"twitter:card\" content=\"summary_large_image\" \/>\n<meta name=\"twitter:site\" content=\"@ifnl_nl\" \/>\n<meta name=\"twitter:label1\" content=\"Geschatte leestijd\" \/>\n\t<meta name=\"twitter:data1\" content=\"2 minuten\" \/>\n<script type=\"application\/ld+json\" class=\"yoast-schema-graph\">{\"@context\":\"https:\\\/\\\/schema.org\",\"@graph\":[{\"@type\":\"WebPage\",\"@id\":\"https:\\\/\\\/institutfrancais.nl\\\/nl\\\/mobiliteitsprogrammas\\\/\",\"url\":\"https:\\\/\\\/institutfrancais.nl\\\/nl\\\/mobiliteitsprogrammas\\\/\",\"name\":\"Mobiliteitsprogramma's - Institut fran\u00e7ais NL\",\"isPartOf\":{\"@id\":\"https:\\\/\\\/institutfrancais.nl\\\/nl\\\/#website\"},\"primaryImageOfPage\":{\"@id\":\"https:\\\/\\\/institutfrancais.nl\\\/nl\\\/mobiliteitsprogrammas\\\/#primaryimage\"},\"image\":{\"@id\":\"https:\\\/\\\/institutfrancais.nl\\\/nl\\\/mobiliteitsprogrammas\\\/#primaryimage\"},\"thumbnailUrl\":\"https:\\\/\\\/institutfrancais.nl\\\/wp-content\\\/uploads\\\/2024\\\/05\\\/Untitled-design-15-edited-scaled.jpeg\",\"datePublished\":\"2024-05-31T10:14:38+00:00\",\"dateModified\":\"2026-02-12T09:04:59+00:00\",\"breadcrumb\":{\"@id\":\"https:\\\/\\\/institutfrancais.nl\\\/nl\\\/mobiliteitsprogrammas\\\/#breadcrumb\"},\"inLanguage\":\"nl-NL\",\"potentialAction\":[{\"@type\":\"ReadAction\",\"target\":[\"https:\\\/\\\/institutfrancais.nl\\\/nl\\\/mobiliteitsprogrammas\\\/\"]}]},{\"@type\":\"ImageObject\",\"inLanguage\":\"nl-NL\",\"@id\":\"https:\\\/\\\/institutfrancais.nl\\\/nl\\\/mobiliteitsprogrammas\\\/#primaryimage\",\"url\":\"https:\\\/\\\/institutfrancais.nl\\\/wp-content\\\/uploads\\\/2024\\\/05\\\/Untitled-design-15-edited-scaled.jpeg\",\"contentUrl\":\"https:\\\/\\\/institutfrancais.nl\\\/wp-content\\\/uploads\\\/2024\\\/05\\\/Untitled-design-15-edited-scaled.jpeg\"},{\"@type\":\"BreadcrumbList\",\"@id\":\"https:\\\/\\\/institutfrancais.nl\\\/nl\\\/mobiliteitsprogrammas\\\/#breadcrumb\",\"itemListElement\":[{\"@type\":\"ListItem\",\"position\":1,\"name\":\"Home\",\"item\":\"https:\\\/\\\/institutfrancais.nl\\\/nl\\\/\"},{\"@type\":\"ListItem\",\"position\":2,\"name\":\"Mobiliteitsprogramma&rsquo;s\"}]},{\"@type\":\"WebSite\",\"@id\":\"https:\\\/\\\/institutfrancais.nl\\\/nl\\\/#website\",\"url\":\"https:\\\/\\\/institutfrancais.nl\\\/nl\\\/\",\"name\":\"Institut fran\u00e7ais NL\",\"description\":\"coop\u00e9ration culturelle franco-n\u00e9erlandais\",\"publisher\":{\"@id\":\"https:\\\/\\\/institutfrancais.nl\\\/nl\\\/#organization\"},\"potentialAction\":[{\"@type\":\"SearchAction\",\"target\":{\"@type\":\"EntryPoint\",\"urlTemplate\":\"https:\\\/\\\/institutfrancais.nl\\\/nl\\\/?s={search_term_string}\"},\"query-input\":{\"@type\":\"PropertyValueSpecification\",\"valueRequired\":true,\"valueName\":\"search_term_string\"}}],\"inLanguage\":\"nl-NL\"},{\"@type\":\"Organization\",\"@id\":\"https:\\\/\\\/institutfrancais.nl\\\/nl\\\/#organization\",\"name\":\"Institut fran\u00e7ais NL\",\"url\":\"https:\\\/\\\/institutfrancais.nl\\\/nl\\\/\",\"logo\":{\"@type\":\"ImageObject\",\"inLanguage\":\"nl-NL\",\"@id\":\"https:\\\/\\\/institutfrancais.nl\\\/nl\\\/#\\\/schema\\\/logo\\\/image\\\/\",\"url\":\"https:\\\/\\\/institutfrancais.nl\\\/wp-content\\\/uploads\\\/2022\\\/05\\\/IFNL-Logo-BlackColourRGB_400x172.png\",\"contentUrl\":\"https:\\\/\\\/institutfrancais.nl\\\/wp-content\\\/uploads\\\/2022\\\/05\\\/IFNL-Logo-BlackColourRGB_400x172.png\",\"width\":400,\"height\":172,\"caption\":\"Institut fran\u00e7ais NL\"},\"image\":{\"@id\":\"https:\\\/\\\/institutfrancais.nl\\\/nl\\\/#\\\/schema\\\/logo\\\/image\\\/\"},\"sameAs\":[\"https:\\\/\\\/www.facebook.com\\\/InstitutfrancaisNederland\\\/\",\"https:\\\/\\\/x.com\\\/ifnl_nl\",\"https:\\\/\\\/www.instagram.com\\\/institutfrancaisnl\\\/\",\"https:\\\/\\\/www.linkedin.com\\\/company\\\/ifpaysbas\\\/\"]}]}<\/script>\n<!-- \/ Yoast SEO plugin. -->","yoast_head_json":{"title":"Mobiliteitsprogramma's - Institut fran\u00e7ais NL","robots":{"index":"index","follow":"follow","max-snippet":"max-snippet:-1","max-image-preview":"max-image-preview:large","max-video-preview":"max-video-preview:-1"},"canonical":"https:\/\/institutfrancais.nl\/nl\/mobiliteitsprogrammas\/","og_locale":"nl_NL","og_type":"article","og_title":"Mobiliteitsprogramma's - Institut fran\u00e7ais NL","og_description":"Villa van Eyck\u202f De Villa van Eyck is een artist-in-residence programma, geco\u00f6rdineerd door Institut fran\u00e7ais NL, dat jaarlijks een kunstenaar&hellip; Lees verder Mobiliteitsprogramma&#8217;s","og_url":"https:\/\/institutfrancais.nl\/nl\/mobiliteitsprogrammas\/","og_site_name":"Institut fran\u00e7ais NL","article_publisher":"https:\/\/www.facebook.com\/InstitutfrancaisNederland\/","article_modified_time":"2026-02-12T09:04:59+00:00","og_image":[{"width":2560,"height":1441,"url":"https:\/\/institutfrancais.nl\/wp-content\/uploads\/2024\/05\/Untitled-design-15-edited-scaled.jpeg","type":"image\/jpeg"}],"twitter_card":"summary_large_image","twitter_site":"@ifnl_nl","twitter_misc":{"Geschatte leestijd":"2 minuten"},"schema":{"@context":"https:\/\/schema.org","@graph":[{"@type":"WebPage","@id":"https:\/\/institutfrancais.nl\/nl\/mobiliteitsprogrammas\/","url":"https:\/\/institutfrancais.nl\/nl\/mobiliteitsprogrammas\/","name":"Mobiliteitsprogramma's - Institut fran\u00e7ais NL","isPartOf":{"@id":"https:\/\/institutfrancais.nl\/nl\/#website"},"primaryImageOfPage":{"@id":"https:\/\/institutfrancais.nl\/nl\/mobiliteitsprogrammas\/#primaryimage"},"image":{"@id":"https:\/\/institutfrancais.nl\/nl\/mobiliteitsprogrammas\/#primaryimage"},"thumbnailUrl":"https:\/\/institutfrancais.nl\/wp-content\/uploads\/2024\/05\/Untitled-design-15-edited-scaled.jpeg","datePublished":"2024-05-31T10:14:38+00:00","dateModified":"2026-02-12T09:04:59+00:00","breadcrumb":{"@id":"https:\/\/institutfrancais.nl\/nl\/mobiliteitsprogrammas\/#breadcrumb"},"inLanguage":"nl-NL","potentialAction":[{"@type":"ReadAction","target":["https:\/\/institutfrancais.nl\/nl\/mobiliteitsprogrammas\/"]}]},{"@type":"ImageObject","inLanguage":"nl-NL","@id":"https:\/\/institutfrancais.nl\/nl\/mobiliteitsprogrammas\/#primaryimage","url":"https:\/\/institutfrancais.nl\/wp-content\/uploads\/2024\/05\/Untitled-design-15-edited-scaled.jpeg","contentUrl":"https:\/\/institutfrancais.nl\/wp-content\/uploads\/2024\/05\/Untitled-design-15-edited-scaled.jpeg"},{"@type":"BreadcrumbList","@id":"https:\/\/institutfrancais.nl\/nl\/mobiliteitsprogrammas\/#breadcrumb","itemListElement":[{"@type":"ListItem","position":1,"name":"Home","item":"https:\/\/institutfrancais.nl\/nl\/"},{"@type":"ListItem","position":2,"name":"Mobiliteitsprogramma&rsquo;s"}]},{"@type":"WebSite","@id":"https:\/\/institutfrancais.nl\/nl\/#website","url":"https:\/\/institutfrancais.nl\/nl\/","name":"Institut fran\u00e7ais NL","description":"coop\u00e9ration culturelle franco-n\u00e9erlandais","publisher":{"@id":"https:\/\/institutfrancais.nl\/nl\/#organization"},"potentialAction":[{"@type":"SearchAction","target":{"@type":"EntryPoint","urlTemplate":"https:\/\/institutfrancais.nl\/nl\/?s={search_term_string}"},"query-input":{"@type":"PropertyValueSpecification","valueRequired":true,"valueName":"search_term_string"}}],"inLanguage":"nl-NL"},{"@type":"Organization","@id":"https:\/\/institutfrancais.nl\/nl\/#organization","name":"Institut fran\u00e7ais NL","url":"https:\/\/institutfrancais.nl\/nl\/","logo":{"@type":"ImageObject","inLanguage":"nl-NL","@id":"https:\/\/institutfrancais.nl\/nl\/#\/schema\/logo\/image\/","url":"https:\/\/institutfrancais.nl\/wp-content\/uploads\/2022\/05\/IFNL-Logo-BlackColourRGB_400x172.png","contentUrl":"https:\/\/institutfrancais.nl\/wp-content\/uploads\/2022\/05\/IFNL-Logo-BlackColourRGB_400x172.png","width":400,"height":172,"caption":"Institut fran\u00e7ais NL"},"image":{"@id":"https:\/\/institutfrancais.nl\/nl\/#\/schema\/logo\/image\/"},"sameAs":["https:\/\/www.facebook.com\/InstitutfrancaisNederland\/","https:\/\/x.com\/ifnl_nl","https:\/\/www.instagram.com\/institutfrancaisnl\/","https:\/\/www.linkedin.com\/company\/ifpaysbas\/"]}]}},"jetpack_sharing_enabled":true,"_links":{"self":[{"href":"https:\/\/institutfrancais.nl\/nl\/wp-json\/wp\/v2\/pages\/35402","targetHints":{"allow":["GET"]}}],"collection":[{"href":"https:\/\/institutfrancais.nl\/nl\/wp-json\/wp\/v2\/pages"}],"about":[{"href":"https:\/\/institutfrancais.nl\/nl\/wp-json\/wp\/v2\/types\/page"}],"author":[{"embeddable":true,"href":"https:\/\/institutfrancais.nl\/nl\/wp-json\/wp\/v2\/users\/3"}],"replies":[{"embeddable":true,"href":"https:\/\/institutfrancais.nl\/nl\/wp-json\/wp\/v2\/comments?post=35402"}],"version-history":[{"count":27,"href":"https:\/\/institutfrancais.nl\/nl\/wp-json\/wp\/v2\/pages\/35402\/revisions"}],"predecessor-version":[{"id":46250,"href":"https:\/\/institutfrancais.nl\/nl\/wp-json\/wp\/v2\/pages\/35402\/revisions\/46250"}],"wp:attachment":[{"href":"https:\/\/institutfrancais.nl\/nl\/wp-json\/wp\/v2\/media?parent=35402"}],"curies":[{"name":"wp","href":"https:\/\/api.w.org\/{rel}","templated":true}]}}