{"id":41084,"date":"2025-02-24T16:48:10","date_gmt":"2025-02-24T15:48:10","guid":{"rendered":"https:\/\/institutfrancais.nl\/?page_id=41084"},"modified":"2026-03-18T09:11:31","modified_gmt":"2026-03-18T08:11:31","slug":"het-france-excellence-descartes-studiebeurzenprogramma","status":"publish","type":"page","link":"https:\/\/institutfrancais.nl\/nl\/het-france-excellence-descartes-studiebeurzenprogramma\/","title":{"rendered":"Het France Excellence Descartes studiebeurzen programma"},"content":{"rendered":"\n<h2 class=\"wp-block-heading\"><strong>Over het programma<\/strong><\/h2>\n\n\n\n<p>De France Excellence Descartes studiebeurzen zijn uitsluitend bedoeld voor studenten die een duidelijk studiedoel hebben in Frankrijk. Het is daarom belangrijk om zo veel mogelijk informatie in te winnen op onze <a href=\"https:\/\/institutfrancais.nl\/nl\/studeren-in-fr-jouw-stappenplan\/\">pagina Studeren in Frankrijk<\/a> voordat je een aanvraag voor een beurs indient.<\/p>\n\n\n\n<h2 class=\"wp-block-heading\"><strong>Voorwaarden voor deelname<\/strong><\/h2>\n\n\n\n<ul class=\"wp-block-list\">\n<li>Studenten met minimaal een Nederlands Bachelor (WO of HBO) die zijn ingeschreven aan een Nederlandse instelling voor hoger onderwijs en \/ of recent hun diploma hebben behaald.<\/li>\n\n\n\n<li>Alle nationaliteiten komen in aanmerking, met uitzondering van de Franse.<\/li>\n\n\n\n<li>Kennis van de Franse taal is niet verplicht; het benodigde taalbeheersingsniveau wordt bepaald afhankelijk van de gekozen opleiding en de opleidingstaal.<\/li>\n<\/ul>\n\n\n\n<p><em>*Het Franse hoger onderwijssysteem maakt geen onderscheid tussen HBO of universiteit. Ook<\/em> <em>HBO-studenten kunnen zich aanmelden voor deze beurs.<\/em><\/p>\n\n\n\n<h2 class=\"wp-block-heading\"><strong>Profiel<\/strong><\/h2>\n\n\n\n<ul class=\"wp-block-list\">\n<li>Natuurwetenschappen en exacte wetenschappen;<\/li>\n\n\n\n<li>Technische richtingen, engineering studies, applied sciences;<\/li>\n\n\n\n<li>Rechten, economie, sociale wetenschappen en geesteswetenschappen, internationale handel, management, politicologie;<\/li>\n\n\n\n<li>Franse taal en literatuur, geschiedenis, kunstgeschiedenis.<\/li>\n<\/ul>\n\n\n\n<h2 class=\"wp-block-heading\"><strong>Voordelen van de &#8220;France Excellence Descartes&#8221; studiebeurs<\/strong><\/h2>\n\n\n\n<ul class=\"wp-block-list\">\n<li><strong>Maandelijkse toelage<\/strong> van \u20ac900 gedurende tien maanden (september 2026-juni 2027);<\/li>\n\n\n\n<li><strong>Verschillende voordelen<\/strong> die verbonden zijn aan de status van een beursstudent in Frankrijk (huursubsidie, hulp bij het zoeken van een kamer, studentenleven enz.);<\/li>\n\n\n\n<li><strong>Prioriteit <\/strong>bij het krijgen van een kamer in het Coll\u00e8ge n\u00e9erlandais in Parijs;<\/li>\n\n\n\n<li>Lidmaatschap van het <strong><a href=\"https:\/\/www.francealumni.fr\/en\/\">France Alumni-netwerk<\/a>.<\/strong><\/li>\n<\/ul>\n\n\n\n<h2 class=\"wp-block-heading\"><strong>Hoe geef je je op voor de<\/strong> <strong>&#8220;France Excellence Descartes&#8221;<\/strong> <strong>studiebeurs<\/strong>?<\/h2>\n\n\n\n<p>Aanvragen kunnen worden ingediend door een dossier te sturen naar Marnix Satter:&nbsp;marnix.satter@institutfrancais.nl <\/p>\n\n\n\n<h2 class=\"wp-block-heading\"><strong>Het aanvraagdossier moet de onderstaande documenten bevatten:<\/strong><\/h2>\n\n\n\n<ul class=\"wp-block-list\">\n<li>CV met foto<\/li>\n\n\n\n<li>Motivatiebrief waarin wordt uitgelegd hoe de studie in Frankrijk bijdraagt aan de academische en professionele ontwikkeling van de student<\/li>\n\n\n\n<li>Kopie\u00ebn van universitaire diploma\u2019s en cijferlijsten<\/li>\n\n\n\n<li>Een aanbevelingsbrief van een hoogleraar of een professional<\/li>\n\n\n\n<li>Bewijs van inschrijving of toelating als je al contact hebt gehad met of bent toegelaten aaneen Franse hogeronderwijsinstelling<\/li>\n<\/ul>\n\n\n\n<p><strong>Dossiers dienen te worden opgesteld in het Engels of in het Frans.<\/strong><\/p>\n\n\n\n<p><em>*&nbsp;<\/em><em>De kandidaten die door de voorselectie komen, leggen hun aanvraag in persoon voor aan een jury door middel van een elevator pitch.<\/em><\/p>\n\n\n\n<p><em>*&nbsp;Het is aan de kandidaat om alle benodigde formaliteiten af te handelen met de gekozen hogeronderwijsinstellingen in Frankrijk. De inschrijftijd voor onderwijs en administratie verschilt per instelling. Het wordt daarom sterk aanbevolen om niet te wachten op de uitslag van de studiebeurs en je zo snel mogelijk in te schrijven. Kijk voor meer informatie op onze <a href=\"https:\/\/institutfrancais.nl\/nl\/studeren-in-fr-jouw-stappenplan\/\">pagina&nbsp;Studeren in Frankrijk<\/a><\/em><\/p>\n\n\n\n<p><em>* De beurs wordt pas definitief toegekend nadat de kandidaat is toegelaten door \u00e9\u00e9n van de gekozen Franse instellingen. De toekenning van de beurs geldt niet als toelating aan en inschrijving bij een Franse instelling voor hoger onderwijs.<\/em><\/p>\n\n\n\n<p><em>* De France Excellence Descartes studiebeurzen kunnen niet worden gecombineerd met andere beurzen van het Institut fran\u00e7ais NL, de Franse overheid, beurzen van het AUF of Erasmus+-beurzen.<\/em><\/p>\n\n\n\n<p><em>* De geselecteerde kandidaten zeggen toe dat ze de opleiding zullen volgen waarvoor de beurs is toegekend en het Institut fran\u00e7ais regelmatig op de hoogte zullen stellen van het verloop van hun verblijf. Ook moeten ze bereid zijn om na terugkeer mee te werken aan bepaalde activiteiten via het France Alumni netwerk.<\/em><\/p>\n\n\n\n<h2 class=\"wp-block-heading\"><strong>Kalender<\/strong><\/h2>\n\n\n\n<ul class=\"wp-block-list\">\n<li><strong>30 april<\/strong> <strong>2026:<\/strong> deadline om je aan te melden<\/li>\n\n\n\n<li><strong>20 mei<\/strong> <strong>2026:<\/strong> bijeenkomst van de jurycommissies<\/li>\n\n\n\n<li><strong>Eind mei<\/strong> <strong>2026:<\/strong> bekendmaking van de laureaten<\/li>\n\n\n\n<li><strong>2 juli<\/strong> <strong>2026:<\/strong> laureatenavond in de Franse residentie in Den Haag<\/li>\n<\/ul>\n\n\n\n<p><strong>Bekijk hier de replay van onze webinar<\/strong> <strong>over alle France Excellence NL studiebeurzen van 19 maart 2025:<\/strong> <\/p>\n\n\n\n<figure class=\"wp-block-embed is-type-video is-provider-youtube wp-block-embed-youtube wp-embed-aspect-4-3 wp-has-aspect-ratio\"><div class=\"wp-block-embed__wrapper\">\n<iframe loading=\"lazy\" title=\"Webinar on our France Excellence study grants 2025\" width=\"750\" height=\"563\" src=\"https:\/\/www.youtube.com\/embed\/IUWng-T4XQc?feature=oembed\" frameborder=\"0\" allow=\"accelerometer; autoplay; clipboard-write; encrypted-media; gyroscope; picture-in-picture; web-share\" referrerpolicy=\"strict-origin-when-cross-origin\" allowfullscreen><\/iframe>\n<\/div><\/figure>\n\n\n\n<p><strong>Bekijk hier de replay van onze webinar over studeren in Frankrijk in november 2024:<\/strong><\/p>\n\n\n\n<figure class=\"wp-block-embed is-type-video is-provider-youtube wp-block-embed-youtube wp-embed-aspect-16-9 wp-has-aspect-ratio\"><div class=\"wp-block-embed__wrapper\">\n<iframe loading=\"lazy\" title=\"Webinar: Studeren in Frankrijk (November 2024)\" width=\"750\" height=\"422\" src=\"https:\/\/www.youtube.com\/embed\/51TVByBo9fg?start=1259&#038;feature=oembed\" frameborder=\"0\" allow=\"accelerometer; autoplay; clipboard-write; encrypted-media; gyroscope; picture-in-picture; web-share\" referrerpolicy=\"strict-origin-when-cross-origin\" allowfullscreen><\/iframe>\n<\/div><\/figure>\n\n\n\n<div class=\"wp-block-group is-style-if-blue-dotted-border has-drst-white-background-color has-background\"><div class=\"wp-block-group__inner-container is-layout-flow wp-block-group-is-layout-flow\">\n<h4 class=\"wp-block-heading\">Contact<\/h4>\n\n\n\n<p class=\"is-style-if-block-email has-extra-small-font-size\"><strong>Marnix Satter<br><\/strong>Medewerker universitaire en wetenschappelijke samenwerking<br><a href=\"mailto:marnix.satter@institutfrancais.nl\">marnix.satter@institutfrancais.nl<\/a><\/p>\n<\/div><\/div>\n\n\n\n<h3 class=\"wp-block-heading\"><strong>Ontmoet de laureaten van de afgelopen jaren!<\/strong><\/h3>\n\n\n\n<figure class=\"wp-block-embed is-type-video is-provider-youtube wp-block-embed-youtube wp-embed-aspect-16-9 wp-has-aspect-ratio\"><div class=\"wp-block-embed__wrapper\">\n<iframe loading=\"lazy\" title=\"Study Scholarships: Maurits de Lint, Descartes Scholarship\" width=\"750\" height=\"422\" src=\"https:\/\/www.youtube.com\/embed\/hRVCujF7HEY?feature=oembed\" frameborder=\"0\" allow=\"accelerometer; autoplay; clipboard-write; encrypted-media; gyroscope; picture-in-picture; web-share\" referrerpolicy=\"strict-origin-when-cross-origin\" allowfullscreen><\/iframe>\n<\/div><\/figure>\n\n\n\n<figure class=\"wp-block-embed is-type-video is-provider-youtube wp-block-embed-youtube wp-embed-aspect-16-9 wp-has-aspect-ratio\"><div class=\"wp-block-embed__wrapper\">\n<iframe loading=\"lazy\" title=\"Study Scholarships: Shea Haggerty, Descartes Scholarship\" width=\"750\" height=\"422\" src=\"https:\/\/www.youtube.com\/embed\/33c6VQ0iUrs?feature=oembed\" frameborder=\"0\" allow=\"accelerometer; autoplay; clipboard-write; encrypted-media; gyroscope; picture-in-picture; web-share\" referrerpolicy=\"strict-origin-when-cross-origin\" allowfullscreen><\/iframe>\n<\/div><\/figure>\n\n\n\n<div class=\"wp-block-group is-style-if-blue-dotted-border\" style=\"padding-top:20px;padding-right:20px;padding-bottom:20px;padding-left:20px\"><div class=\"wp-block-group__inner-container is-layout-flow wp-block-group-is-layout-flow\">\n<h4 class=\"wp-block-heading has-if-blue-color has-text-color\">Partners<\/h4>\n\n\n\n<ul class=\"wp-block-list\">\n<li><strong>Uitvoering in Frankrijk:&nbsp;<\/strong>Institut fran\u00e7ais NL, Campus France; Ministerie van Hoger onderwijs en Wetenschap; Ministerie van Europa en Buitenlandse Zaken<\/li>\n\n\n\n<li><strong>Geco\u00f6rdineerd door:&nbsp;<\/strong>Institut fran\u00e7ais NL<\/li>\n\n\n\n<li><strong>In samenwerking met&nbsp;<\/strong>: Coll\u00e8ge n\u00e9erlandais<\/li>\n<\/ul>\n\n\n\n<div class=\"wp-block-columns is-layout-flex wp-container-core-columns-is-layout-9d6595d7 wp-block-columns-is-layout-flex\">\n<div class=\"wp-block-column is-vertically-aligned-center is-layout-flow wp-block-column-is-layout-flow\"><div class=\"wp-block-image\">\n<figure class=\"aligncenter size-large is-resized\"><img loading=\"lazy\" decoding=\"async\" width=\"1024\" height=\"354\" src=\"https:\/\/institutfrancais.nl\/wp-content\/uploads\/2023\/04\/IFNL-Logo-BlackColourRGB-1-1024x354.png\" alt=\"\" class=\"wp-image-22432\" style=\"width:176px;height:60px\" srcset=\"https:\/\/institutfrancais.nl\/wp-content\/uploads\/2023\/04\/IFNL-Logo-BlackColourRGB-1-1024x354.png 1024w, https:\/\/institutfrancais.nl\/wp-content\/uploads\/2023\/04\/IFNL-Logo-BlackColourRGB-1-300x104.png 300w, https:\/\/institutfrancais.nl\/wp-content\/uploads\/2023\/04\/IFNL-Logo-BlackColourRGB-1-768x266.png 768w, https:\/\/institutfrancais.nl\/wp-content\/uploads\/2023\/04\/IFNL-Logo-BlackColourRGB-1-1536x531.png 1536w, https:\/\/institutfrancais.nl\/wp-content\/uploads\/2023\/04\/IFNL-Logo-BlackColourRGB-1-2048x709.png 2048w, https:\/\/institutfrancais.nl\/wp-content\/uploads\/2023\/04\/IFNL-Logo-BlackColourRGB-1-1568x542.png 1568w\" sizes=\"auto, (max-width: 1024px) 100vw, 1024px\" \/><\/figure><\/div><\/div>\n\n\n\n<div class=\"wp-block-column is-vertically-aligned-center is-layout-flow wp-block-column-is-layout-flow\">\n<figure class=\"wp-block-image size-full is-resized\"><img loading=\"lazy\" decoding=\"async\" width=\"942\" height=\"158\" src=\"https:\/\/institutfrancais.nl\/wp-content\/uploads\/2025\/02\/Screenshot-2025-02-19-at-17.00.26.jpeg\" alt=\"\" class=\"wp-image-41821\" style=\"width:179px;height:auto\" srcset=\"https:\/\/institutfrancais.nl\/wp-content\/uploads\/2025\/02\/Screenshot-2025-02-19-at-17.00.26.jpeg 942w, https:\/\/institutfrancais.nl\/wp-content\/uploads\/2025\/02\/Screenshot-2025-02-19-at-17.00.26-300x50.jpeg 300w, https:\/\/institutfrancais.nl\/wp-content\/uploads\/2025\/02\/Screenshot-2025-02-19-at-17.00.26-768x129.jpeg 768w\" sizes=\"auto, (max-width: 942px) 100vw, 942px\" \/><\/figure>\n<\/div>\n\n\n\n<div class=\"wp-block-column is-vertically-aligned-center is-layout-flow wp-block-column-is-layout-flow\"><div class=\"wp-block-image\">\n<figure class=\"aligncenter size-full is-resized\"><img loading=\"lazy\" decoding=\"async\" width=\"800\" height=\"800\" src=\"https:\/\/institutfrancais.nl\/wp-content\/uploads\/2021\/06\/logo_part_campusfrance.jpg\" alt=\"\" class=\"wp-image-2008\" style=\"width:141px;height:141px\" srcset=\"https:\/\/institutfrancais.nl\/wp-content\/uploads\/2021\/06\/logo_part_campusfrance.jpg 800w, https:\/\/institutfrancais.nl\/wp-content\/uploads\/2021\/06\/logo_part_campusfrance-300x300.jpg 300w, https:\/\/institutfrancais.nl\/wp-content\/uploads\/2021\/06\/logo_part_campusfrance-150x150.jpg 150w, https:\/\/institutfrancais.nl\/wp-content\/uploads\/2021\/06\/logo_part_campusfrance-768x768.jpg 768w\" sizes=\"auto, (max-width: 800px) 100vw, 800px\" \/><\/figure><\/div><\/div>\n<\/div>\n\n\n\n<div class=\"wp-block-columns is-layout-flex wp-container-core-columns-is-layout-9d6595d7 wp-block-columns-is-layout-flex\">\n<div class=\"wp-block-column is-layout-flow wp-block-column-is-layout-flow\">\n<figure class=\"wp-block-image size-full is-resized\"><img loading=\"lazy\" decoding=\"async\" width=\"458\" height=\"368\" src=\"https:\/\/institutfrancais.nl\/wp-content\/uploads\/2025\/02\/Screenshot-2025-02-19-at-16.59.47.jpeg\" alt=\"\" class=\"wp-image-41823\" style=\"width:183px;height:auto\" srcset=\"https:\/\/institutfrancais.nl\/wp-content\/uploads\/2025\/02\/Screenshot-2025-02-19-at-16.59.47.jpeg 458w, https:\/\/institutfrancais.nl\/wp-content\/uploads\/2025\/02\/Screenshot-2025-02-19-at-16.59.47-300x241.jpeg 300w\" sizes=\"auto, (max-width: 458px) 100vw, 458px\" \/><\/figure>\n<\/div>\n\n\n\n<div class=\"wp-block-column is-layout-flow wp-block-column-is-layout-flow\">\n<figure class=\"wp-block-image size-full is-resized\"><img loading=\"lazy\" decoding=\"async\" width=\"524\" height=\"398\" src=\"https:\/\/institutfrancais.nl\/wp-content\/uploads\/2025\/02\/Screenshot-2025-02-19-at-16.59.17.jpeg\" alt=\"\" class=\"wp-image-41825\" style=\"width:209px;height:auto\" srcset=\"https:\/\/institutfrancais.nl\/wp-content\/uploads\/2025\/02\/Screenshot-2025-02-19-at-16.59.17.jpeg 524w, https:\/\/institutfrancais.nl\/wp-content\/uploads\/2025\/02\/Screenshot-2025-02-19-at-16.59.17-300x228.jpeg 300w\" sizes=\"auto, (max-width: 524px) 100vw, 524px\" \/><\/figure>\n<\/div>\n<\/div>\n\n\n\n<div class=\"wp-block-columns is-layout-flex wp-container-core-columns-is-layout-9d6595d7 wp-block-columns-is-layout-flex\">\n<div class=\"wp-block-column is-layout-flow wp-block-column-is-layout-flow\"><\/div>\n\n\n\n<div class=\"wp-block-column is-layout-flow wp-block-column-is-layout-flow\"><\/div>\n\n\n\n<div class=\"wp-block-column is-layout-flow wp-block-column-is-layout-flow\"><\/div>\n<\/div>\n<\/div><\/div>\n\n\n\n<div style=\"height:52px\" aria-hidden=\"true\" class=\"wp-block-spacer\"><\/div>\n","protected":false},"excerpt":{"rendered":"<p>De France Excellence Descartes-studiebeurzen ondersteunen Nederlandse studenten in het hoger<br \/>\nonderwijs die een masterstudie in Frankrijk willen behalen.<\/p>\n","protected":false},"author":9,"featured_media":0,"parent":0,"menu_order":0,"comment_status":"closed","ping_status":"closed","template":"","meta":{"footnotes":""},"class_list":["post-41084","page","type-page","status-publish","hentry","entry"],"yoast_head":"<!-- This site is optimized with the Yoast SEO plugin v27.4 - https:\/\/yoast.com\/product\/yoast-seo-wordpress\/ -->\n<title>Het France Excellence Descartes studiebeurzen programma - Institut fran\u00e7ais NL<\/title>\n<meta name=\"description\" content=\"De France Excellence Descartes-studiebeurzen ondersteunen Nederlandse studenten in het hogeronderwijs die een masterstudie in Frankrijk willen behalen.\" \/>\n<meta name=\"robots\" content=\"index, follow, max-snippet:-1, max-image-preview:large, max-video-preview:-1\" \/>\n<link rel=\"canonical\" href=\"https:\/\/institutfrancais.nl\/nl\/het-france-excellence-descartes-studiebeurzenprogramma\/\" \/>\n<meta property=\"og:locale\" content=\"nl_NL\" \/>\n<meta property=\"og:type\" content=\"article\" \/>\n<meta property=\"og:title\" content=\"Het France Excellence Descartes studiebeurzen programma - Institut fran\u00e7ais NL\" \/>\n<meta property=\"og:description\" content=\"De France Excellence Descartes-studiebeurzen ondersteunen Nederlandse studenten in het hogeronderwijs die een masterstudie in Frankrijk willen behalen.\" \/>\n<meta property=\"og:url\" content=\"https:\/\/institutfrancais.nl\/nl\/het-france-excellence-descartes-studiebeurzenprogramma\/\" \/>\n<meta property=\"og:site_name\" content=\"Institut fran\u00e7ais NL\" \/>\n<meta property=\"article:publisher\" content=\"https:\/\/www.facebook.com\/InstitutfrancaisNederland\/\" \/>\n<meta property=\"article:modified_time\" content=\"2026-03-18T08:11:31+00:00\" \/>\n<meta property=\"og:image\" content=\"https:\/\/institutfrancais.nl\/wp-content\/uploads\/2023\/04\/IFNL-Logo-BlackColourRGB-1.png\" \/>\n\t<meta property=\"og:image:width\" content=\"2636\" \/>\n\t<meta property=\"og:image:height\" content=\"912\" \/>\n\t<meta property=\"og:image:type\" content=\"image\/png\" \/>\n<meta name=\"twitter:card\" content=\"summary_large_image\" \/>\n<meta name=\"twitter:site\" content=\"@ifnl_nl\" \/>\n<meta name=\"twitter:label1\" content=\"Geschatte leestijd\" \/>\n\t<meta name=\"twitter:data1\" content=\"5 minuten\" \/>\n<script type=\"application\/ld+json\" class=\"yoast-schema-graph\">{\"@context\":\"https:\\\/\\\/schema.org\",\"@graph\":[{\"@type\":\"WebPage\",\"@id\":\"https:\\\/\\\/institutfrancais.nl\\\/nl\\\/het-france-excellence-descartes-studiebeurzenprogramma\\\/\",\"url\":\"https:\\\/\\\/institutfrancais.nl\\\/nl\\\/het-france-excellence-descartes-studiebeurzenprogramma\\\/\",\"name\":\"Het France Excellence Descartes studiebeurzen programma - Institut fran\u00e7ais NL\",\"isPartOf\":{\"@id\":\"https:\\\/\\\/institutfrancais.nl\\\/nl\\\/#website\"},\"primaryImageOfPage\":{\"@id\":\"https:\\\/\\\/institutfrancais.nl\\\/nl\\\/het-france-excellence-descartes-studiebeurzenprogramma\\\/#primaryimage\"},\"image\":{\"@id\":\"https:\\\/\\\/institutfrancais.nl\\\/nl\\\/het-france-excellence-descartes-studiebeurzenprogramma\\\/#primaryimage\"},\"thumbnailUrl\":\"https:\\\/\\\/institutfrancais.nl\\\/wp-content\\\/uploads\\\/2023\\\/04\\\/IFNL-Logo-BlackColourRGB-1-1024x354.png\",\"datePublished\":\"2025-02-24T15:48:10+00:00\",\"dateModified\":\"2026-03-18T08:11:31+00:00\",\"description\":\"De France Excellence Descartes-studiebeurzen ondersteunen Nederlandse studenten in het hogeronderwijs die een masterstudie in Frankrijk willen behalen.\",\"breadcrumb\":{\"@id\":\"https:\\\/\\\/institutfrancais.nl\\\/nl\\\/het-france-excellence-descartes-studiebeurzenprogramma\\\/#breadcrumb\"},\"inLanguage\":\"nl-NL\",\"potentialAction\":[{\"@type\":\"ReadAction\",\"target\":[\"https:\\\/\\\/institutfrancais.nl\\\/nl\\\/het-france-excellence-descartes-studiebeurzenprogramma\\\/\"]}]},{\"@type\":\"ImageObject\",\"inLanguage\":\"nl-NL\",\"@id\":\"https:\\\/\\\/institutfrancais.nl\\\/nl\\\/het-france-excellence-descartes-studiebeurzenprogramma\\\/#primaryimage\",\"url\":\"https:\\\/\\\/institutfrancais.nl\\\/wp-content\\\/uploads\\\/2023\\\/04\\\/IFNL-Logo-BlackColourRGB-1-1024x354.png\",\"contentUrl\":\"https:\\\/\\\/institutfrancais.nl\\\/wp-content\\\/uploads\\\/2023\\\/04\\\/IFNL-Logo-BlackColourRGB-1-1024x354.png\"},{\"@type\":\"BreadcrumbList\",\"@id\":\"https:\\\/\\\/institutfrancais.nl\\\/nl\\\/het-france-excellence-descartes-studiebeurzenprogramma\\\/#breadcrumb\",\"itemListElement\":[{\"@type\":\"ListItem\",\"position\":1,\"name\":\"Home\",\"item\":\"https:\\\/\\\/institutfrancais.nl\\\/nl\\\/\"},{\"@type\":\"ListItem\",\"position\":2,\"name\":\"Het France Excellence Descartes studiebeurzen programma\"}]},{\"@type\":\"WebSite\",\"@id\":\"https:\\\/\\\/institutfrancais.nl\\\/nl\\\/#website\",\"url\":\"https:\\\/\\\/institutfrancais.nl\\\/nl\\\/\",\"name\":\"Institut fran\u00e7ais NL\",\"description\":\"coop\u00e9ration culturelle franco-n\u00e9erlandais\",\"publisher\":{\"@id\":\"https:\\\/\\\/institutfrancais.nl\\\/nl\\\/#organization\"},\"potentialAction\":[{\"@type\":\"SearchAction\",\"target\":{\"@type\":\"EntryPoint\",\"urlTemplate\":\"https:\\\/\\\/institutfrancais.nl\\\/nl\\\/?s={search_term_string}\"},\"query-input\":{\"@type\":\"PropertyValueSpecification\",\"valueRequired\":true,\"valueName\":\"search_term_string\"}}],\"inLanguage\":\"nl-NL\"},{\"@type\":\"Organization\",\"@id\":\"https:\\\/\\\/institutfrancais.nl\\\/nl\\\/#organization\",\"name\":\"Institut fran\u00e7ais NL\",\"url\":\"https:\\\/\\\/institutfrancais.nl\\\/nl\\\/\",\"logo\":{\"@type\":\"ImageObject\",\"inLanguage\":\"nl-NL\",\"@id\":\"https:\\\/\\\/institutfrancais.nl\\\/nl\\\/#\\\/schema\\\/logo\\\/image\\\/\",\"url\":\"https:\\\/\\\/institutfrancais.nl\\\/wp-content\\\/uploads\\\/2022\\\/05\\\/IFNL-Logo-BlackColourRGB_400x172.png\",\"contentUrl\":\"https:\\\/\\\/institutfrancais.nl\\\/wp-content\\\/uploads\\\/2022\\\/05\\\/IFNL-Logo-BlackColourRGB_400x172.png\",\"width\":400,\"height\":172,\"caption\":\"Institut fran\u00e7ais NL\"},\"image\":{\"@id\":\"https:\\\/\\\/institutfrancais.nl\\\/nl\\\/#\\\/schema\\\/logo\\\/image\\\/\"},\"sameAs\":[\"https:\\\/\\\/www.facebook.com\\\/InstitutfrancaisNederland\\\/\",\"https:\\\/\\\/x.com\\\/ifnl_nl\",\"https:\\\/\\\/www.instagram.com\\\/institutfrancaisnl\\\/\",\"https:\\\/\\\/www.linkedin.com\\\/company\\\/ifpaysbas\\\/\"]}]}<\/script>\n<!-- \/ Yoast SEO plugin. -->","yoast_head_json":{"title":"Het France Excellence Descartes studiebeurzen programma - Institut fran\u00e7ais NL","description":"De France Excellence Descartes-studiebeurzen ondersteunen Nederlandse studenten in het hogeronderwijs die een masterstudie in Frankrijk willen behalen.","robots":{"index":"index","follow":"follow","max-snippet":"max-snippet:-1","max-image-preview":"max-image-preview:large","max-video-preview":"max-video-preview:-1"},"canonical":"https:\/\/institutfrancais.nl\/nl\/het-france-excellence-descartes-studiebeurzenprogramma\/","og_locale":"nl_NL","og_type":"article","og_title":"Het France Excellence Descartes studiebeurzen programma - Institut fran\u00e7ais NL","og_description":"De France Excellence Descartes-studiebeurzen ondersteunen Nederlandse studenten in het hogeronderwijs die een masterstudie in Frankrijk willen behalen.","og_url":"https:\/\/institutfrancais.nl\/nl\/het-france-excellence-descartes-studiebeurzenprogramma\/","og_site_name":"Institut fran\u00e7ais NL","article_publisher":"https:\/\/www.facebook.com\/InstitutfrancaisNederland\/","article_modified_time":"2026-03-18T08:11:31+00:00","og_image":[{"width":2636,"height":912,"url":"https:\/\/institutfrancais.nl\/wp-content\/uploads\/2023\/04\/IFNL-Logo-BlackColourRGB-1.png","type":"image\/png"}],"twitter_card":"summary_large_image","twitter_site":"@ifnl_nl","twitter_misc":{"Geschatte leestijd":"5 minuten"},"schema":{"@context":"https:\/\/schema.org","@graph":[{"@type":"WebPage","@id":"https:\/\/institutfrancais.nl\/nl\/het-france-excellence-descartes-studiebeurzenprogramma\/","url":"https:\/\/institutfrancais.nl\/nl\/het-france-excellence-descartes-studiebeurzenprogramma\/","name":"Het France Excellence Descartes studiebeurzen programma - Institut fran\u00e7ais NL","isPartOf":{"@id":"https:\/\/institutfrancais.nl\/nl\/#website"},"primaryImageOfPage":{"@id":"https:\/\/institutfrancais.nl\/nl\/het-france-excellence-descartes-studiebeurzenprogramma\/#primaryimage"},"image":{"@id":"https:\/\/institutfrancais.nl\/nl\/het-france-excellence-descartes-studiebeurzenprogramma\/#primaryimage"},"thumbnailUrl":"https:\/\/institutfrancais.nl\/wp-content\/uploads\/2023\/04\/IFNL-Logo-BlackColourRGB-1-1024x354.png","datePublished":"2025-02-24T15:48:10+00:00","dateModified":"2026-03-18T08:11:31+00:00","description":"De France Excellence Descartes-studiebeurzen ondersteunen Nederlandse studenten in het hogeronderwijs die een masterstudie in Frankrijk willen behalen.","breadcrumb":{"@id":"https:\/\/institutfrancais.nl\/nl\/het-france-excellence-descartes-studiebeurzenprogramma\/#breadcrumb"},"inLanguage":"nl-NL","potentialAction":[{"@type":"ReadAction","target":["https:\/\/institutfrancais.nl\/nl\/het-france-excellence-descartes-studiebeurzenprogramma\/"]}]},{"@type":"ImageObject","inLanguage":"nl-NL","@id":"https:\/\/institutfrancais.nl\/nl\/het-france-excellence-descartes-studiebeurzenprogramma\/#primaryimage","url":"https:\/\/institutfrancais.nl\/wp-content\/uploads\/2023\/04\/IFNL-Logo-BlackColourRGB-1-1024x354.png","contentUrl":"https:\/\/institutfrancais.nl\/wp-content\/uploads\/2023\/04\/IFNL-Logo-BlackColourRGB-1-1024x354.png"},{"@type":"BreadcrumbList","@id":"https:\/\/institutfrancais.nl\/nl\/het-france-excellence-descartes-studiebeurzenprogramma\/#breadcrumb","itemListElement":[{"@type":"ListItem","position":1,"name":"Home","item":"https:\/\/institutfrancais.nl\/nl\/"},{"@type":"ListItem","position":2,"name":"Het France Excellence Descartes studiebeurzen programma"}]},{"@type":"WebSite","@id":"https:\/\/institutfrancais.nl\/nl\/#website","url":"https:\/\/institutfrancais.nl\/nl\/","name":"Institut fran\u00e7ais NL","description":"coop\u00e9ration culturelle franco-n\u00e9erlandais","publisher":{"@id":"https:\/\/institutfrancais.nl\/nl\/#organization"},"potentialAction":[{"@type":"SearchAction","target":{"@type":"EntryPoint","urlTemplate":"https:\/\/institutfrancais.nl\/nl\/?s={search_term_string}"},"query-input":{"@type":"PropertyValueSpecification","valueRequired":true,"valueName":"search_term_string"}}],"inLanguage":"nl-NL"},{"@type":"Organization","@id":"https:\/\/institutfrancais.nl\/nl\/#organization","name":"Institut fran\u00e7ais NL","url":"https:\/\/institutfrancais.nl\/nl\/","logo":{"@type":"ImageObject","inLanguage":"nl-NL","@id":"https:\/\/institutfrancais.nl\/nl\/#\/schema\/logo\/image\/","url":"https:\/\/institutfrancais.nl\/wp-content\/uploads\/2022\/05\/IFNL-Logo-BlackColourRGB_400x172.png","contentUrl":"https:\/\/institutfrancais.nl\/wp-content\/uploads\/2022\/05\/IFNL-Logo-BlackColourRGB_400x172.png","width":400,"height":172,"caption":"Institut fran\u00e7ais NL"},"image":{"@id":"https:\/\/institutfrancais.nl\/nl\/#\/schema\/logo\/image\/"},"sameAs":["https:\/\/www.facebook.com\/InstitutfrancaisNederland\/","https:\/\/x.com\/ifnl_nl","https:\/\/www.instagram.com\/institutfrancaisnl\/","https:\/\/www.linkedin.com\/company\/ifpaysbas\/"]}]}},"jetpack_sharing_enabled":true,"_links":{"self":[{"href":"https:\/\/institutfrancais.nl\/nl\/wp-json\/wp\/v2\/pages\/41084","targetHints":{"allow":["GET"]}}],"collection":[{"href":"https:\/\/institutfrancais.nl\/nl\/wp-json\/wp\/v2\/pages"}],"about":[{"href":"https:\/\/institutfrancais.nl\/nl\/wp-json\/wp\/v2\/types\/page"}],"author":[{"embeddable":true,"href":"https:\/\/institutfrancais.nl\/nl\/wp-json\/wp\/v2\/users\/9"}],"replies":[{"embeddable":true,"href":"https:\/\/institutfrancais.nl\/nl\/wp-json\/wp\/v2\/comments?post=41084"}],"version-history":[{"count":16,"href":"https:\/\/institutfrancais.nl\/nl\/wp-json\/wp\/v2\/pages\/41084\/revisions"}],"predecessor-version":[{"id":46792,"href":"https:\/\/institutfrancais.nl\/nl\/wp-json\/wp\/v2\/pages\/41084\/revisions\/46792"}],"wp:attachment":[{"href":"https:\/\/institutfrancais.nl\/nl\/wp-json\/wp\/v2\/media?parent=41084"}],"curies":[{"name":"wp","href":"https:\/\/api.w.org\/{rel}","templated":true}]}}